{"id":186,"date":"2026-01-09T14:13:20","date_gmt":"2026-01-09T14:13:20","guid":{"rendered":"https:\/\/tunamalaga.com\/?page_id=186"},"modified":"2026-04-05T14:49:17","modified_gmt":"2026-04-05T14:49:17","slug":"viajes","status":"publish","type":"page","link":"https:\/\/tunamalaga.com\/index.php\/viajes\/","title":{"rendered":"Viajes"},"content":{"rendered":"\n<p>\u00bfDe qu\u00e9 sirve la m\u00fasica si no se comparte? A trav\u00e9s de distintas culturas vamos enriqueciendo nuestro repertorio, e intentamos compartir nuestra alegr\u00eda y forma de vivir la m\u00fasica all\u00e1 donde vayamos. Vivimos aventura, vemos mundo (y nos ven a nosotros). Qu\u00e9date aqu\u00ed, y descubre otras tierras con nosotros.<\/p>\n\n\n\n<div class=\"wp-block-query is-layout-flow wp-block-query-is-layout-flow\"><ul class=\"wp-block-post-template is-layout-flow wp-block-post-template-is-layout-flow\"><li class=\"wp-block-post post-233 post type-post status-publish format-standard has-post-thumbnail hentry category-viajes\">\n\n<div class=\"wp-block-columns are-vertically-aligned-center is-layout-flex wp-container-core-columns-is-layout-9d6595d7 wp-block-columns-is-layout-flex\">\n<div class=\"wp-block-column is-vertically-aligned-center is-layout-flow wp-block-column-is-layout-flow\" style=\"flex-basis:25%\"><figure class=\"wp-block-post-featured-image\"><a href=\"https:\/\/tunamalaga.com\/index.php\/2026\/04\/05\/viaje-a-holanda-y-belgica\/\" target=\"_self\"  ><img loading=\"lazy\" decoding=\"async\" width=\"1280\" height=\"768\" src=\"https:\/\/tunamalaga.com\/wp-content\/uploads\/2026\/04\/Iglesia.jpg\" class=\"attachment-post-thumbnail size-post-thumbnail wp-post-image\" alt=\"Viaje a Holanda y B\u00e9lgica\" style=\"object-fit:cover;\" srcset=\"https:\/\/tunamalaga.com\/wp-content\/uploads\/2026\/04\/Iglesia.jpg 1280w, https:\/\/tunamalaga.com\/wp-content\/uploads\/2026\/04\/Iglesia-300x180.jpg 300w, https:\/\/tunamalaga.com\/wp-content\/uploads\/2026\/04\/Iglesia-1024x614.jpg 1024w, https:\/\/tunamalaga.com\/wp-content\/uploads\/2026\/04\/Iglesia-768x461.jpg 768w\" sizes=\"auto, (max-width: 1280px) 100vw, 1280px\" \/><\/a><\/figure><\/div>\n\n\n\n<div class=\"wp-block-column is-vertically-aligned-center is-layout-flow wp-block-column-is-layout-flow\" style=\"flex-basis:75%\"><h2 class=\"wp-block-post-title\"><a href=\"https:\/\/tunamalaga.com\/index.php\/2026\/04\/05\/viaje-a-holanda-y-belgica\/\" target=\"_self\" >Viaje a Holanda y B\u00e9lgica<\/a><\/h2><\/div>\n<\/div>\n\n<\/li><\/ul><\/div>\n","protected":false},"excerpt":{"rendered":"<p>\u00bfDe qu\u00e9 sirve la m\u00fasica si no se comparte? A trav\u00e9s de distintas culturas vamos enriqueciendo nuestro repertorio, e intentamos compartir nuestra alegr\u00eda y forma de vivir la m\u00fasica all\u00e1 donde vayamos. Vivimos aventura, vemos mundo (y nos ven a nosotros). Qu\u00e9date aqu\u00ed, y descubre otras tierras con nosotros.<\/p>\n","protected":false},"author":1,"featured_media":0,"parent":0,"menu_order":0,"comment_status":"closed","ping_status":"closed","template":"","meta":{"neve_meta_sidebar":"","neve_meta_container":"","neve_meta_enable_content_width":"","neve_meta_content_width":0,"neve_meta_title_alignment":"","neve_meta_author_avatar":"","neve_post_elements_order":"","neve_meta_disable_header":"","neve_meta_disable_footer":"","neve_meta_disable_title":"","footnotes":""},"class_list":["post-186","page","type-page","status-publish","hentry"],"_links":{"self":[{"href":"https:\/\/tunamalaga.com\/index.php\/wp-json\/wp\/v2\/pages\/186","targetHints":{"allow":["GET"]}}],"collection":[{"href":"https:\/\/tunamalaga.com\/index.php\/wp-json\/wp\/v2\/pages"}],"about":[{"href":"https:\/\/tunamalaga.com\/index.php\/wp-json\/wp\/v2\/types\/page"}],"author":[{"embeddable":true,"href":"https:\/\/tunamalaga.com\/index.php\/wp-json\/wp\/v2\/users\/1"}],"replies":[{"embeddable":true,"href":"https:\/\/tunamalaga.com\/index.php\/wp-json\/wp\/v2\/comments?post=186"}],"version-history":[{"count":8,"href":"https:\/\/tunamalaga.com\/index.php\/wp-json\/wp\/v2\/pages\/186\/revisions"}],"predecessor-version":[{"id":239,"href":"https:\/\/tunamalaga.com\/index.php\/wp-json\/wp\/v2\/pages\/186\/revisions\/239"}],"wp:attachment":[{"href":"https:\/\/tunamalaga.com\/index.php\/wp-json\/wp\/v2\/media?parent=186"}],"curies":[{"name":"wp","href":"https:\/\/api.w.org\/{rel}","templated":true}]}}